{"id":906,"date":"2024-05-15T08:59:44","date_gmt":"2024-05-15T06:59:44","guid":{"rendered":"https:\/\/www.successfulfund.vc\/accessibility-statement\/"},"modified":"2024-05-15T08:59:44","modified_gmt":"2024-05-15T06:59:44","slug":"accessibility-statement","status":"publish","type":"page","link":"https:\/\/www.successfulfund.vc\/en\/accessibility-statement\/","title":{"rendered":"Accessibility Statement"},"content":{"rendered":"\t\t<div data-elementor-type=\"wp-page\" data-elementor-id=\"906\" class=\"elementor elementor-906\" data-elementor-post-type=\"page\">\n\t\t\t\t\t\t<section class=\"elementor-section elementor-top-section elementor-element elementor-element-0d436c3 elementor-section-boxed elementor-section-height-default elementor-section-height-default\" data-id=\"0d436c3\" data-element_type=\"section\">\n\t\t\t\t\t\t<div class=\"elementor-container elementor-column-gap-default\">\n\t\t\t\t\t<div class=\"elementor-column elementor-col-100 elementor-top-column elementor-element elementor-element-25911c1\" data-id=\"25911c1\" data-element_type=\"column\">\n\t\t\t<div class=\"elementor-widget-wrap elementor-element-populated\">\n\t\t\t\t\t\t<div class=\"elementor-element elementor-element-c6e4e21 elementor-widget elementor-widget-text-editor\" data-id=\"c6e4e21\" data-element_type=\"widget\" data-widget_type=\"text-editor.default\">\n\t\t\t\t<div class=\"elementor-widget-container\">\n\t\t\t<style>\/*! elementor - v3.19.0 - 07-02-2024 *\/\n.elementor-widget-text-editor.elementor-drop-cap-view-stacked .elementor-drop-cap{background-color:#69727d;color:#fff}.elementor-widget-text-editor.elementor-drop-cap-view-framed .elementor-drop-cap{color:#69727d;border:3px solid;background-color:transparent}.elementor-widget-text-editor:not(.elementor-drop-cap-view-default) .elementor-drop-cap{margin-top:8px}.elementor-widget-text-editor:not(.elementor-drop-cap-view-default) .elementor-drop-cap-letter{width:1em;height:1em}.elementor-widget-text-editor .elementor-drop-cap{float:left;text-align:center;line-height:1;font-size:50px}.elementor-widget-text-editor .elementor-drop-cap-letter{display:inline-block}<\/style>\t\t\t\t<h1><span style=\"text-decoration: underline;\"><strong>DECLARACI\u00d3N DE ACCESIBILIDAD<\/strong><\/span><\/h1><p>\u00a0<\/p><p>Successful SPV, S.L. se ha comprometido a hacer accesibles sus sitios web de conformidad con el Real Decreto 1112\/2018, de 7 de septiembre, sobre accesibilidad de los sitios web y aplicaciones para dispositivos m\u00f3viles del sector p\u00fablico (en adelante, Real Decreto 1112\/2018, de 7 de septiembre).<\/p><p>La presente declaraci\u00f3n de accesibilidad se aplica al sitio web https:\/\/www.successfulfund.vc\/<\/p><p>\u00a0<\/p><p><strong>SITUACI\u00d3N DE CUMPLIMIENTO<\/strong><br \/>Este sitio web es parcialmente conforme con el Real Decreto 1112\/2018, de 7 de septiembre, debido a la falta de conformidad de los aspectos que se indican a continuaci\u00f3n.<\/p><p>\u00a0<\/p><p><strong>CONTENIDO NO ACCESIBLE<\/strong><br \/>El contenido que se recoge a continuaci\u00f3n no es accesible por lo siguiente:<\/p><p>Falta de conformidad con el Real Decreto 1112\/2018, de 7 de septiembre: podr\u00edan existir fallos puntuales de edici\u00f3n en alguna p\u00e1gina web, tanto en contenidos HTML como en documentos finales, publicados en fecha posterior al 20 de septiembre de 2018 (fecha de entrada en vigor del Real Decreto 1112\/2018, de 7 de septiembre).<br \/>Carga desproporcionada: no aplica.<\/p><p>\u00a0<\/p><p><strong>PREPARACI\u00d3N DE LA PRESENTE DECLARACI\u00d3N DE ACCESIBILIDAD<\/strong><br \/>La presente declaraci\u00f3n fue preparada el 15 de febrero de 2024.<\/p><p>El m\u00e9todo empleado para preparar la declaraci\u00f3n ha sido una autoevaluaci\u00f3n llevada a cabo por el propio organismo.<\/p><p>\u00a0<\/p><p><strong>OBSERVACIONES Y DATOS DE CONTACTO<\/strong><br \/>Puede realizar comunicaciones sobre requisitos de accesibilidad (art\u00edculo 10.2.a) del Real Decreto 1112\/2018, de 7 de septiembre) como, por ejemplo:<\/p><p>Informar sobre cualquier posible incumplimiento por parte de este sitio web.<br \/>Transmitir otras dificultades de acceso al contenido.<br \/>Formular cualquier otra consulta o sugerencia de mejora relativa a la accesibilidad del sitio web.<br \/>A trav\u00e9s de las siguientes v\u00edas:<\/p><p>Correo electr\u00f3nico: info@succesfulfund.vc<\/p><p>\u00a0<\/p><p><strong>PROCEDIMIENTO DE APLICACI\u00d3N<\/strong><br \/>A trav\u00e9s de este procedimiento podr\u00e1 iniciar una reclamaci\u00f3n para conocer y oponerse a los motivos de la desestimaci\u00f3n de una solicitud de informaci\u00f3n accesible o queja, instar la adopci\u00f3n de las medidas oportunas en el caso de no estar de acuerdo con la decisi\u00f3n adoptada, o exponer las razones por las que se considera que la respuesta no cumple con los requisitos exigidos.<\/p><p>\u00a0<\/p><p><strong>CONTENIDO OPCIONAL<\/strong><br \/>La versi\u00f3n actualmente visible de este sitio web es de febrero de 2024 y en esa fecha se hizo la revisi\u00f3n del nivel de accesibilidad vigente en aquel momento.<\/p><p>Entre otras se adoptan las siguientes medidas para facilitar la accesibilidad:<\/p><p>Utilizaci\u00f3n de texto alternativo en las im\u00e1genes<br \/>Los enlaces ofrecen detalles de la funci\u00f3n o destino del hiperv\u00ednculo<br \/>Uso de los est\u00e1ndares del W3C: XHTML 1.0, CSS 3.0, WAI AA.<br \/>Puede consultar en la p\u00e1gina de Aviso Legal para qu\u00e9 navegadores y versiones est\u00e1 optimizado este sitio web.<\/p><p>se ha comprometido a hacer accesibles sus sitios web de conformidad con el Real Decreto 1112\/2018, de 7 de septiembre, sobre accesibilidad de los sitios web y aplicaciones para dispositivos m\u00f3viles del sector p\u00fablico (en adelante, Real Decreto 1112\/2018, de 7 de septiembre).<\/p><p>La presente declaraci\u00f3n de accesibilidad se aplica al sitio web https:\/\/www.successfulfund.vc\/<\/p>\t\t\t\t\t\t<\/div>\n\t\t\t\t<\/div>\n\t\t\t\t\t<\/div>\n\t\t<\/div>\n\t\t\t\t\t<\/div>\n\t\t<\/section>\n\t\t\t\t<\/div>\n\t\t","protected":false},"excerpt":{"rendered":"<p>ACCESSIBILITY STATEMENT Successful SPV, S.L. is committed to making its websites accessible in accordance with Royal Decree 1112\/2018 of 7 September on the accessibility of public sector websites and mobile applications (hereinafter, Royal Decree 1112\/2018 of 7 September). This accessibility statement applies to the website https:\/\/www.successfulfund.vc\/ COMPLIANCE STATUSThis website is partially compliant with Royal Decree [&hellip;]<\/p>\n","protected":false},"author":1,"featured_media":0,"parent":0,"menu_order":0,"comment_status":"closed","ping_status":"closed","template":"elementor_header_footer","meta":{"footnotes":""},"aioseo_notices":[],"_links":{"self":[{"href":"https:\/\/www.successfulfund.vc\/en\/wp-json\/wp\/v2\/pages\/906"}],"collection":[{"href":"https:\/\/www.successfulfund.vc\/en\/wp-json\/wp\/v2\/pages"}],"about":[{"href":"https:\/\/www.successfulfund.vc\/en\/wp-json\/wp\/v2\/types\/page"}],"author":[{"embeddable":true,"href":"https:\/\/www.successfulfund.vc\/en\/wp-json\/wp\/v2\/users\/1"}],"replies":[{"embeddable":true,"href":"https:\/\/www.successfulfund.vc\/en\/wp-json\/wp\/v2\/comments?post=906"}],"version-history":[{"count":0,"href":"https:\/\/www.successfulfund.vc\/en\/wp-json\/wp\/v2\/pages\/906\/revisions"}],"wp:attachment":[{"href":"https:\/\/www.successfulfund.vc\/en\/wp-json\/wp\/v2\/media?parent=906"}],"curies":[{"name":"wp","href":"https:\/\/api.w.org\/{rel}","templated":true}]}}