{"id":903,"date":"2025-05-22T08:34:36","date_gmt":"2025-05-22T06:34:36","guid":{"rendered":"https:\/\/www.successfulfund.vc\/whistleblowing-channel\/"},"modified":"2026-03-30T11:21:31","modified_gmt":"2026-03-30T09:21:31","slug":"whistleblowing-channel","status":"publish","type":"page","link":"https:\/\/www.successfulfund.vc\/en\/whistleblowing-channel\/","title":{"rendered":"Whistleblowing Channel"},"content":{"rendered":"\t\t<div data-elementor-type=\"wp-page\" data-elementor-id=\"903\" class=\"elementor elementor-903\" data-elementor-post-type=\"page\">\n\t\t\t\t\t\t<section class=\"elementor-section elementor-top-section elementor-element elementor-element-64a00ea4 elementor-section-boxed elementor-section-height-default elementor-section-height-default\" data-id=\"64a00ea4\" data-element_type=\"section\">\n\t\t\t\t\t\t<div class=\"elementor-container elementor-column-gap-default\">\n\t\t\t\t\t<div class=\"elementor-column elementor-col-100 elementor-top-column elementor-element elementor-element-7cadaac3\" data-id=\"7cadaac3\" data-element_type=\"column\">\n\t\t\t<div class=\"elementor-widget-wrap elementor-element-populated\">\n\t\t\t\t\t\t<div class=\"elementor-element elementor-element-4e14e1c6 elementor-widget elementor-widget-text-editor\" data-id=\"4e14e1c6\" data-element_type=\"widget\" data-widget_type=\"text-editor.default\">\n\t\t\t\t<div class=\"elementor-widget-container\">\n\t\t\t<style>\/*! elementor - v3.19.0 - 07-02-2024 *\/\n.elementor-widget-text-editor.elementor-drop-cap-view-stacked .elementor-drop-cap{background-color:#69727d;color:#fff}.elementor-widget-text-editor.elementor-drop-cap-view-framed .elementor-drop-cap{color:#69727d;border:3px solid;background-color:transparent}.elementor-widget-text-editor:not(.elementor-drop-cap-view-default) .elementor-drop-cap{margin-top:8px}.elementor-widget-text-editor:not(.elementor-drop-cap-view-default) .elementor-drop-cap-letter{width:1em;height:1em}.elementor-widget-text-editor .elementor-drop-cap{float:left;text-align:center;line-height:1;font-size:50px}.elementor-widget-text-editor .elementor-drop-cap-letter{display:inline-block}<\/style>\t\t\t\t<h1><strong><u>CANAL DE DENUNCIAS<\/u><\/strong><\/h1><p>\u00a0<\/p><p>El canal \u00e9tico de denuncias de SUCCESSFUL FUND es la v\u00eda principal para para que empleados, clientes, proveedores y terceras personas puedan informar sobre posibles irregularidades que puedan suponer infracciones que versen sobre actos o conductas, presentes o pasadas, que puedan suponer una infracci\u00f3n, un delito o una vulneraci\u00f3n de nuestros procedimientos internos.<\/p><p><strong>PUEDEN ACCEDER AL CANAL:<\/strong><\/p><p>Mediante correo electr\u00f3nico: <a href=\"mailto:canaldedenuncias@apicegrupo.com\">canaldedenuncias@apicegrupo.com<\/a><\/p><p>Las comunicaciones tambi\u00e9n pueden presentarse verbalmente mediante reuni\u00f3n presencial, a solicitud del interesado. En estos casos debe dirigirse la petici\u00f3n a trav\u00e9s de alguna de las v\u00edas de comunicaci\u00f3n mencionadas anteriormente.<\/p><p>Las denuncias recibidas por correo electr\u00f3nico ser\u00e1n tratadas con la misma confidencialidad que las recibidas por cualquier otro medio. Para salvaguardar dicha confidencialidad, la Sociedad garantiza que solo se conoce el remitente de la direcci\u00f3n de e-mail de referencia por el personal que lo gestione, quienes han firmado la correspondiente cl\u00e1usula de confidencialidad y prohibici\u00f3n de revelar cualquier tipo de informaci\u00f3n que conozcan en el marco de sus funciones en la Sociedad, de modo que dicha informaci\u00f3n no trasciende a ning\u00fan otro miembro interno ni externo de la Sociedad.<\/p><p>El tratamiento de las denuncias se realizar\u00e1 de conformidad con la normativa de protecci\u00f3n de datos de car\u00e1cter personal.<\/p><p>El canal de denuncias se constituye como un canal interno, independiente y con las garant\u00edas suficientes de confidencialidad y protecci\u00f3n al denunciante frente a posibles represalias, discriminaciones y cualquier otro tipo de trato injusto.<\/p><p>El procedimiento no requiere la identificaci\u00f3n del denunciante, si bien de producirse, el administrador del canal garantizar\u00e1 la confidencialidad, siempre que se obre de buena fe, a lo largo del proceso y, en particular, que el denunciado y, en su caso, sus superiores no puedan acceder a los datos identificativos del denunciante, salvo que ello fuera estrictamente necesario para la resoluci\u00f3n del expediente.<\/p><p>El plazo de que dispondr\u00e1 el OCI para resolver el procedimiento abierto ser\u00e1 de 15 d\u00edas naturales, a contar desde el d\u00eda siguiente a que el administrador hubiera recibido la denuncia. En ese plazo de tiempo, el denunciante podr\u00e1 informarse sobre el estado de su denuncia mediante el env\u00edo de un correo electr\u00f3nico al administrador utilizando el n\u00famero de referencia que figurar\u00e1 en el acuse de recibo inicial, que deber\u00e1 resolverla en el plazo de 48 horas. El denunciante debe guardar confidencialidad sobre la informaci\u00f3n de que tenga conocimiento en el marco del procedimiento.<\/p>\t\t\t\t\t\t<\/div>\n\t\t\t\t<\/div>\n\t\t\t\t\t<\/div>\n\t\t<\/div>\n\t\t\t\t\t<\/div>\n\t\t<\/section>\n\t\t\t\t<\/div>\n\t\t","protected":false},"excerpt":{"rendered":"<p>WHISTLEBLOWING CHANNEL The SUCCESSFUL FUND whistleblowing channel is the main means through which employees, clients, suppliers, and third parties may report potential irregularities involving acts or conduct, whether present or past, that may constitute a breach, a criminal offence, or a violation of our internal procedures. WHO MAY ACCESS THE CHANNEL: By email: canaldedenuncias@apicegrupo.com Communications [&hellip;]<\/p>\n","protected":false},"author":2,"featured_media":0,"parent":0,"menu_order":0,"comment_status":"closed","ping_status":"closed","template":"elementor_header_footer","meta":{"footnotes":""},"aioseo_notices":[],"_links":{"self":[{"href":"https:\/\/www.successfulfund.vc\/en\/wp-json\/wp\/v2\/pages\/903"}],"collection":[{"href":"https:\/\/www.successfulfund.vc\/en\/wp-json\/wp\/v2\/pages"}],"about":[{"href":"https:\/\/www.successfulfund.vc\/en\/wp-json\/wp\/v2\/types\/page"}],"author":[{"embeddable":true,"href":"https:\/\/www.successfulfund.vc\/en\/wp-json\/wp\/v2\/users\/2"}],"replies":[{"embeddable":true,"href":"https:\/\/www.successfulfund.vc\/en\/wp-json\/wp\/v2\/comments?post=903"}],"version-history":[{"count":1,"href":"https:\/\/www.successfulfund.vc\/en\/wp-json\/wp\/v2\/pages\/903\/revisions"}],"predecessor-version":[{"id":904,"href":"https:\/\/www.successfulfund.vc\/en\/wp-json\/wp\/v2\/pages\/903\/revisions\/904"}],"wp:attachment":[{"href":"https:\/\/www.successfulfund.vc\/en\/wp-json\/wp\/v2\/media?parent=903"}],"curies":[{"name":"wp","href":"https:\/\/api.w.org\/{rel}","templated":true}]}}