{"id":902,"date":"2024-05-10T11:10:14","date_gmt":"2024-05-10T09:10:14","guid":{"rendered":"https:\/\/www.successfulfund.vc\/legal-notice\/"},"modified":"2024-05-10T11:10:14","modified_gmt":"2024-05-10T09:10:14","slug":"legal-notice","status":"publish","type":"page","link":"https:\/\/www.successfulfund.vc\/en\/legal-notice\/","title":{"rendered":"Legal Notice"},"content":{"rendered":"\t\t<div data-elementor-type=\"wp-page\" data-elementor-id=\"902\" class=\"elementor elementor-902\" data-elementor-post-type=\"page\">\n\t\t\t\t\t\t<section class=\"elementor-section elementor-top-section elementor-element elementor-element-c65cb9d elementor-section-boxed elementor-section-height-default elementor-section-height-default\" data-id=\"c65cb9d\" data-element_type=\"section\">\n\t\t\t\t\t\t<div class=\"elementor-container elementor-column-gap-default\">\n\t\t\t\t\t<div class=\"elementor-column elementor-col-100 elementor-top-column elementor-element elementor-element-5e5ca6f\" data-id=\"5e5ca6f\" data-element_type=\"column\">\n\t\t\t<div class=\"elementor-widget-wrap elementor-element-populated\">\n\t\t\t\t\t\t<div class=\"elementor-element elementor-element-07f1b4c elementor-widget elementor-widget-text-editor\" data-id=\"07f1b4c\" data-element_type=\"widget\" data-widget_type=\"text-editor.default\">\n\t\t\t\t<div class=\"elementor-widget-container\">\n\t\t\t<style>\/*! elementor - v3.19.0 - 07-02-2024 *\/\n.elementor-widget-text-editor.elementor-drop-cap-view-stacked .elementor-drop-cap{background-color:#69727d;color:#fff}.elementor-widget-text-editor.elementor-drop-cap-view-framed .elementor-drop-cap{color:#69727d;border:3px solid;background-color:transparent}.elementor-widget-text-editor:not(.elementor-drop-cap-view-default) .elementor-drop-cap{margin-top:8px}.elementor-widget-text-editor:not(.elementor-drop-cap-view-default) .elementor-drop-cap-letter{width:1em;height:1em}.elementor-widget-text-editor .elementor-drop-cap{float:left;text-align:center;line-height:1;font-size:50px}.elementor-widget-text-editor .elementor-drop-cap-letter{display:inline-block}<\/style>\t\t\t\t<p><strong>\u00a0\u00a0<\/strong><\/p><h1><strong><u>AVISO LEGAL<\/u><\/strong><\/h1><p>Con el fin de dar cumplimiento al art\u00edculo 10 de la Ley 34\/2002 de Servicios de la Sociedad de la Informaci\u00f3n y del Comercio Electr\u00f3nico, informamos a los usuarios de nuestros datos:<\/p><ul><li><strong>Denominaci\u00f3n Social:<\/strong> Successful SPV, S.L.<\/li><li><strong>Domicilio Social:<\/strong> Pl Santa Clara 1, entlo C<\/li><li><strong>NIF:<\/strong> B67958470<\/li><li><b>Registro mercantil:<\/b>\u00a0Esta sociedad consta inscrita en el Registro Mercantil de Castell\u00f3n, Tomo 1860 , Folio 59, Hoja CS-44959.<\/li><li><strong>Tel\u00e9fono: <\/strong><a>964 226 497<\/a><\/li><li><strong>E-Mail:<\/strong> info@successfulfund.vc<\/li><li><strong>Sitio Web:<\/strong> successfulfund.vc<\/li><li><strong>N\u00famero de Registro en CNMV<\/strong>:\u00a0217<\/li><\/ul><p><strong>\u00a0<\/strong><\/p><p><strong>OBJETO<\/strong><\/p><p>Successful SPV, S.L., (en adelante tambi\u00e9n el prestador) c\u00f3mo responsable del sitio web, pone a disposici\u00f3n de los usuarios el presente documento, que regula el uso del sitio web successfulfund.vc, dando as\u00ed cumplimiento a lo establecido en la Ley 34\/2002, de Servicios de la Sociedad de la Informaci\u00f3n y del Comercio Electr\u00f3nico (LSSICE o LSSI), as\u00ed como informar a todos los usuarios del sitio web de sus condiciones de uso.<\/p><p>El acceso y utilizaci\u00f3n de este sitio web atribuye al visitante la condici\u00f3n de usuario. Ello supone que el usuario acepta las condiciones de uso vigentes en cada momento y se compromete a hacer un uso adecuado de los contenidos del sitio web y a observar y cumplir rigurosamente cuanto se disponga en este aviso y en las normas que sean de aplicaci\u00f3n.<\/p><p>Es obligaci\u00f3n de los usuarios leer y observar el contenido del presente aviso legal, inform\u00e1ndoles de que el mismo puede sufrir modificaciones, como consecuencia de la adaptaci\u00f3n del mismo por parte del titular del portal web a la normativa vigente en cada momento. Por ello, le informamos de que sin previo aviso, el titular de la web podr\u00e1 modificar el contenido del mismo.<\/p><p><strong>\u00a0<\/strong><\/p><p><strong>CONDICIONES DE USO DE LA WEB<\/strong><\/p><p>La utilizaci\u00f3n de la presente web tiene car\u00e1cter gratuito, y para el uso de la misma no se exige suscripci\u00f3n previa. No obstante, para algunos servicios se requiere la cumplimentaci\u00f3n de alg\u00fan formulario (por ejemplo, para adquirir productos, o recibir informaci\u00f3n). Este registro se realizar\u00e1 en las condiciones indicadas en la correspondiente secci\u00f3n.<\/p><p>El usuario se compromete a que toda la informaci\u00f3n que suministre sea veraz y se encuentre actualizada en todo momento, declinando cualquier tipo de responsabilidad por parte del titular de la web como consecuencia de la falsedad de dicha informaci\u00f3n.<\/p><p>En caso de que el usuario sea menor de edad, deber\u00e1 obtener siempre el consentimiento expreso y previo de sus padres, tutores o representantes legales para realizar cualquier acto.<\/p><p>El Usuario se compromete a utilizar la Web de conformidad a la Ley y al presente Aviso Legal. En este sentido, no difundir\u00e1 contenidos contrarios a la ley o a la dignidad de la persona; que sean discriminatorios por raz\u00f3n de nacimiento, raza, sexo, religi\u00f3n, opini\u00f3n o cualquier otra condici\u00f3n o circunstancia personal o social; o que, de cualquier modo, sean contrarios a la ley y al orden p\u00fablico; as\u00ed como a la moral y a buenas costumbres.<\/p><p><strong>\u00a0<\/strong><\/p><p><strong>EXCLUSI\u00d3N DE GARANT\u00cdAS Y RESPONSABILIDAD<\/strong><\/p><p>El titular de la presente web queda eximido de responsabilidad en aquellos casos en los que la informaci\u00f3n suministrada sea falsa, o aquella que sea publicada en la misma haya sido manipulada por terceros.<\/p><p>Asimismo, el titular del portal web declina cualquier responsabilidad que pueda surgir como consecuencia de un funcionamiento err\u00f3neo de la misma, como consecuencia de virus, programas maliciosos o lesivos en los contenidos; del uso il\u00edcito, negligente, fraudulento o contrario a este Aviso Legal y condiciones de uso<\/p><p><strong>\u00a0<\/strong><\/p><p><strong>COOKIES<\/strong><\/p><p>El sitio web del prestador puede utilizar cookies (peque\u00f1os archivos de informaci\u00f3n que el servidor env\u00eda al ordenador de quien accede en la p\u00e1gina) para llevar a cabo determinadas funciones que son consideradas imprescindibles para el correcto funcionamiento y visualizaci\u00f3n del lugar. Las cookies utilizadas tienen, en todo caso, car\u00e1cter temporal, con la \u00fanica finalidad de hacer m\u00e1s eficaz la navegaci\u00f3n, y desaparecen al acabar la sesi\u00f3n del usuario.<\/p><p>En ning\u00fan caso se utilizar\u00e1n las cookies para recoger informaci\u00f3n de car\u00e1cter personal.<\/p><p>Para m\u00e1s informaci\u00f3n, ver nuestra <a href=\"\/politica-de-cookies\/\">Pol\u00edtica de Cookies<\/a>.<\/p><p><strong>\u00a0<\/strong><\/p><p><strong>POLITICA DE ENLACES (LINKS)<\/strong><\/p><p>El sitio web puede contener enlaces a otros sitios web con pol\u00edticas de privacidad diferentes a la de \u00e9ste. Successful SPV, S.L.\u00a0no se hace responsable del contenido o pr\u00e1cticas de los sitios enlazados y se recomienda al usuario la lectura detallada de la pol\u00edtica de privacidad de cualquier sitio web al que acceda desde \u00e9ste.<\/p><p><strong>\u00a0<\/strong><\/p><p><strong>PROTECCI\u00d3N DE DATOS PERSONALES<\/strong><\/p><p>El titular del portal web garantiza el cumplimiento \u00edntegro de las obligaciones vigentes, as\u00ed como la implementaci\u00f3n de las medidas de seguridad dispuestas al Reglamento Europeo de Protecci\u00f3n de datos y la normativa espa\u00f1ola de protecci\u00f3n de datos. Para m\u00e1s informaci\u00f3n, ver nuestra <a href=\"\/politica-de-privacidad\/\">Pol\u00edtica de Privacidad<\/a>.<\/p><p><strong>\u00a0<\/strong><\/p><p><strong>PROPIEDAD INTELECTUAL E INDUSTRIAL<\/strong><\/p><p>El Usuario reconoce y acepta que todos los contenidos que se muestran en el Sitio Web y en especial, dise\u00f1os, textos, im\u00e1genes, logos, iconos, botones, software, nombres comerciales, marcas, o cualesquiera otros signos susceptibles de utilizaci\u00f3n industrial y\/o comercial est\u00e1n sujetos a derechos de Propiedad Intelectual y todas las marcas, nombres comerciales o signos distintivos, todos los derechos de propiedad industrial e intelectual, sobre los contenidos y\/o cualesquiera otros elementos insertados en el p\u00e1gina, que son propiedad exclusiva del titular del portal web y\/o de terceros, quienes tienen el derecho exclusivo de utilizarlos en el tr\u00e1fico econ\u00f3mico. Por todo ello el Usuario se compromete a no reproducir, copiar, distribuir, poner a disposici\u00f3n o de cualquier otra forma comunicar p\u00fablicamente, transformar o modificar tales contenidos manteniendo indemne a Successful SPV, S.L., de cualquier reclamaci\u00f3n que se derive del incumplimiento de tales obligaciones. En ning\u00fan caso el acceso al Sitio Web implica ning\u00fan tipo de renuncia, transmisi\u00f3n, licencia o cesi\u00f3n total ni parcial de dichos derechos, salvo que se establezca expresamente lo contrario. Las presentes Condiciones Generales de Uso del Sitio Web no confieren a los Usuarios ning\u00fan otro derecho de utilizaci\u00f3n, alteraci\u00f3n, explotaci\u00f3n, reproducci\u00f3n, distribuci\u00f3n o comunicaci\u00f3n p\u00fablica del Sitio Web y\/o de sus Contenidos distintos de los aqu\u00ed expresamente previstos. Cualquier otro uso o explotaci\u00f3n de cualesquiera derechos estar\u00e1 sujeto a la previa y expresa autorizaci\u00f3n espec\u00edficamente otorgada a tal efecto por Successful SPV, S.L., o el tercero titular de los derechos afectados.<\/p><p>Los contenidos, textos, fotograf\u00edas, dise\u00f1os, logotipos, im\u00e1genes, programas de ordenador, c\u00f3digos fuente y, en general, cualquier creaci\u00f3n intelectual existente en este sitio, as\u00ed como el propio sitio en su conjunto, como obra art\u00edstica multimedia, est\u00e1n protegidos como derechos de autor por la legislaci\u00f3n en materia de propiedad intelectual. Successful SPV, S.L., titular de los elementos que integran el dise\u00f1o gr\u00e1fico del Sitio Web, lo men\u00fas, botones de navegaci\u00f3n, el c\u00f3digo HTML, los textos, im\u00e1genes, texturas, gr\u00e1ficos y cualquier otro contenido del Sitio Web o, en cualquier caso, dispone de la correspondiente autorizaci\u00f3n para la utilizaci\u00f3n de dichos elementos. El contenido dispuesto en el Sitio Web no podr\u00e1 ser reproducido ni en todo ni en parte, ni transmitido, ni registrado por ning\u00fan sistema de recuperaci\u00f3n de informaci\u00f3n, en ninguna forma ni en ning\u00fan medio, a menos que se cuente con la autorizaci\u00f3n previa, por escrito, de la citada Entidad.<\/p><p>Asimismo queda prohibido suprimir, eludir y\/o manipular el \u201ccopyright\u201d as\u00ed como los dispositivos t\u00e9cnicos de protecci\u00f3n, o cualesquiera mecanismos de informaci\u00f3n que pudieren contener los contenidos. El Usuario de este Sitio Web se compromete a respetar los derechos enunciados y a evitar cualquier actuaci\u00f3n que pudiera perjudicarlos, reserv\u00e1ndose en todo caso Successful SPV, S.L.\u00a0el ejercicio de cuantos medios o acciones legales le correspondan en defensa de sus leg\u00edtimos derechos de propiedad intelectual e industrial.<\/p><p><strong>\u00a0<\/strong><\/p><p><strong>LEY APLICABLE<\/strong><\/p><p>La ley aplicable en caso de disputa o conflicto de interpretaci\u00f3n de los t\u00e9rminos que conforman este aviso legal, as\u00ed como cualquier cuesti\u00f3n relacionada con los servicios del presente portal, ser\u00e1 la ley espa\u00f1ola.<\/p>\t\t\t\t\t\t<\/div>\n\t\t\t\t<\/div>\n\t\t\t\t\t<\/div>\n\t\t<\/div>\n\t\t\t\t\t<\/div>\n\t\t<\/section>\n\t\t\t\t<\/div>\n\t\t","protected":false},"excerpt":{"rendered":"<p>LEGAL NOTICE In order to comply with Article 10 of Law 34\/2002 on Information Society Services and Electronic Commerce, we hereby inform users of our details: Corporate Name: Successful SPV, S.L. Registered Office: Plaza Santa Clara 1, Entresuelo C NIF: B67958470 Commercial Registry: This company is registered with the Commercial Registry of Castell\u00f3n, Volume 1860, [&hellip;]<\/p>\n","protected":false},"author":1,"featured_media":0,"parent":0,"menu_order":0,"comment_status":"closed","ping_status":"closed","template":"elementor_header_footer","meta":{"footnotes":""},"aioseo_notices":[],"_links":{"self":[{"href":"https:\/\/www.successfulfund.vc\/en\/wp-json\/wp\/v2\/pages\/902"}],"collection":[{"href":"https:\/\/www.successfulfund.vc\/en\/wp-json\/wp\/v2\/pages"}],"about":[{"href":"https:\/\/www.successfulfund.vc\/en\/wp-json\/wp\/v2\/types\/page"}],"author":[{"embeddable":true,"href":"https:\/\/www.successfulfund.vc\/en\/wp-json\/wp\/v2\/users\/1"}],"replies":[{"embeddable":true,"href":"https:\/\/www.successfulfund.vc\/en\/wp-json\/wp\/v2\/comments?post=902"}],"version-history":[{"count":0,"href":"https:\/\/www.successfulfund.vc\/en\/wp-json\/wp\/v2\/pages\/902\/revisions"}],"wp:attachment":[{"href":"https:\/\/www.successfulfund.vc\/en\/wp-json\/wp\/v2\/media?parent=902"}],"curies":[{"name":"wp","href":"https:\/\/api.w.org\/{rel}","templated":true}]}}